{"id":31,"date":"2025-04-11T11:35:14","date_gmt":"2025-04-11T09:35:14","guid":{"rendered":"https:\/\/monosuisse.com\/polityka-prywatnosci\/"},"modified":"2025-08-04T12:05:05","modified_gmt":"2025-08-04T10:05:05","slug":"privacy-policy-2","status":"publish","type":"page","link":"https:\/\/monosuisse.com\/de\/privacy-policy-2\/","title":{"rendered":"Datenschutz "},"content":{"rendered":"\n<h2 class=\"wp-block-heading\">Kim jeste\u015bmy<\/h2>\n\n\n<p><strong class=\"privacy-policy-tutorial\">Sugerowany tekst: <\/strong>Adres naszej strony internetowej to: http:\/\/mono.test.<\/p>\n\n\n<h2 class=\"wp-block-heading\">Komentarze<\/h2>\n\n\n<p><strong class=\"privacy-policy-tutorial\">Sugerowany tekst: <\/strong>Kiedy odwiedzaj\u0105cy witryn\u0119 zostawia komentarz, zbieramy dane widoczne w&nbsp;formularzu komentowania, jak&nbsp;i&nbsp;adres IP odwiedzaj\u0105cego oraz&nbsp;podpis jego przegl\u0105darki jako pomoc przy wykrywaniu spamu.<\/p>\n\n\n<p>Anonimizowany ci\u0105g znak\u00f3w utworzony z&nbsp;twojego adresu e-mail (zwany te\u017c hashem) mo\u017ce zosta\u0107 przes\u0142any do&nbsp;us\u0142ugi Gravatar w&nbsp;celu sprawdzenia czy&nbsp;jest u\u017cywany. Polityka prywatno\u015bci us\u0142ugi Gravatar jest dost\u0119pna pod&nbsp;adresem: https:\/\/automattic.com\/privacy\/. Po&nbsp;zatwierdzeniu komentarza tw\u00f3j obrazek profilowy jest widoczny publicznie w&nbsp;kontek\u015bcie twojego komentarza.<\/p>\n\n\n<h2 class=\"wp-block-heading\">Media<\/h2>\n\n\n<p><strong class=\"privacy-policy-tutorial\">Sugerowany tekst: <\/strong>Je\u015bli jeste\u015b zarejestrowanym u\u017cytkownikiem i&nbsp;wgrywasz na&nbsp;witryn\u0119 obrazki, powiniene\u015b unika\u0107 przesy\u0142ania obrazk\u00f3w z&nbsp;tagami EXIF lokalizacji. Odwiedzaj\u0105cy stron\u0119 mog\u0105 pobra\u0107 i&nbsp;odczyta\u0107 pe\u0142ne dane lokalizacyjne z&nbsp;obrazk\u00f3w w&nbsp;witrynie.<\/p>\n\n\n<h2 class=\"wp-block-heading\">Ciasteczka<\/h2>\n\n\n<p><strong class=\"privacy-policy-tutorial\">Sugerowany tekst: <\/strong>Je\u015bli skomentujesz co\u015b w&nbsp;witrynie, b\u0119dzie mo\u017cna wybra\u0107 opcj\u0119 zapisu nazwy, adresu e-mail i&nbsp;witryny internetowej w&nbsp;ciasteczkach, dzi\u0119ki kt\u00f3rym podczas pisania kolejnych komentarzy powy\u017csze informacje b\u0119d\u0105 ju\u017c&nbsp;dogodnie uzupe\u0142nione. Ciasteczka wygasaj\u0105 po&nbsp;roku.<\/p>\n\n\n<p>Je\u015bli odwiedzisz stron\u0119 logowania, utworzymy tymczasowe ciasteczko na&nbsp;potrzeby sprawdzenia czy&nbsp;twoja przegl\u0105darka akceptuje ciasteczka. Nie&nbsp;zawiera ono \u017cadnych danych osobistych i&nbsp;zostanie usuni\u0119te, kiedy przegl\u0105darka zostanie zamkni\u0119ta.<\/p>\n\n\n<p>Podczas logowania tworzymy dodatkowo kilka ciasteczek potrzebnych do&nbsp;zapisu twoich informacji logowania oraz&nbsp;wybranych opcji ekranu. Ciasteczka logowania wygasaj\u0105 po&nbsp;dw\u00f3ch dniach, a&nbsp;opcji ekranu po&nbsp;roku. Je\u015bli zaznaczysz opcj\u0119 &bdquo;Pami\u0119taj mnie&rdquo;, logowanie wyga\u015bnie po&nbsp;dw\u00f3ch tygodniach. Je\u015bli wylogujesz si\u0119&nbsp;ze&nbsp;swojego konta, ciasteczka logowania zostan\u0105 usuni\u0119te.<\/p>\n\n\n<p>Je\u015bli zmodyfikujesz albo opublikujesz artyku\u0142, w&nbsp;twojej przegl\u0105darce zostanie zapisane dodatkowe ciasteczko. To&nbsp;ciasteczko nie&nbsp;zawiera \u017cadnych danych osobistych, wskazuj\u0105c po&nbsp;prostu na&nbsp;identyfikator przed chwil\u0105 edytowanego artyku\u0142u. Wygasa ono po&nbsp;1 dniu.<\/p>\n\n\n<h2 class=\"wp-block-heading\">Osadzone tre\u015bci z&nbsp;innych witryn<\/h2>\n\n\n<p><strong class=\"privacy-policy-tutorial\">Sugerowany tekst: <\/strong>Artyku\u0142y na&nbsp;tej witrynie mog\u0105 zawiera\u0107 osadzone tre\u015bci (np. filmy, obrazki, artyku\u0142y itp.). Osadzone tre\u015bci z&nbsp;innych witryn zachowuj\u0105 si\u0119&nbsp;analogicznie do&nbsp;tego, jakby u\u017cytkownik odwiedzi\u0142 bezpo\u015brednio konkretn\u0105 witryn\u0119.<\/p>\n\n\n<p>Witryny mog\u0105 zbiera\u0107 informacje o&nbsp;tobie, u\u017cywa\u0107 ciasteczek, do\u0142\u0105cza\u0107 dodatkowe, zewn\u0119trzne systemy \u015bledzenia i&nbsp;monitorowa\u0107 twoje interakcje z&nbsp;osadzonym materia\u0142em, w\u0142\u0105czaj\u0105c w&nbsp;to&nbsp;\u015bledzenie twoich interakcji z&nbsp;osadzonym materia\u0142em je\u015bli posiadasz konto i&nbsp;jeste\u015b zalogowany w&nbsp;tamtej witrynie.<\/p>\n\n\n<h2 class=\"wp-block-heading\">Z kim dzielimy si\u0119&nbsp;danymi<\/h2>\n\n\n<p><strong class=\"privacy-policy-tutorial\">Sugerowany tekst: <\/strong>Je\u015bli za\u017c\u0105dasz zresetowania has\u0142a, tw\u00f3j adres IP zostanie do\u0142\u0105czony do&nbsp;wysy\u0142anej wiadomo\u015bci.<\/p>\n\n\n<h2 class=\"wp-block-heading\">Jak d\u0142ugo przechowujemy twoje dane<\/h2>\n\n\n<p><strong class=\"privacy-policy-tutorial\">Sugerowany tekst: <\/strong>Je\u015bli zostawisz komentarz, jego tre\u015b\u0107 i&nbsp;metadane b\u0119d\u0105 przechowywane przez czas nieokre\u015blony. Dzi\u0119ki temu jeste\u015bmy w&nbsp;stanie rozpoznawa\u0107 i&nbsp;zatwierdza\u0107 kolejne komentarze automatycznie, bez&nbsp;wysy\u0142ania ich&nbsp;do&nbsp;ka\u017cdorazowej moderacji.<\/p>\n\n\n<p>Dla u\u017cytkownik\u00f3w kt\u00f3rzy zarejestrowali si\u0119&nbsp;na&nbsp;naszej stronie internetowej (je\u015bli tacy s\u0105), przechowujemy r\u00f3wnie\u017c informacje osobiste wprowadzone w&nbsp;profilu. Ka\u017cdy u\u017cytkownik mo\u017ce dokona\u0107 wgl\u0105du, korekty albo skasowa\u0107 swoje informacje osobiste w&nbsp;dowolnej chwili (nie licz\u0105c nazwy u\u017cytkownika, kt\u00f3rej nie&nbsp;mo\u017cna zmieni\u0107). Administratorzy strony r\u00f3wnie\u017c mog\u0105 przegl\u0105da\u0107 i&nbsp;modyfikowa\u0107 te&nbsp;informacje.<\/p>\n\n\n<h2 class=\"wp-block-heading\">Jakie masz prawa do&nbsp;swoich danych<\/h2>\n\n\n<p><strong class=\"privacy-policy-tutorial\">Sugerowany tekst: <\/strong>Je\u015bli masz konto u\u017cytkownika albo doda\u0142e\u015b komentarze w&nbsp;tej witrynie, mo\u017cesz za\u017c\u0105da\u0107 dostarczenia pliku z&nbsp;wyeksportowanym kompletem twoich danych osobistych b\u0119d\u0105cych w&nbsp;naszym posiadaniu, w&nbsp;tym ca\u0142o\u015b\u0107 tych dostarczonych przez ciebie. Mo\u017cesz r\u00f3wnie\u017c za\u017c\u0105da\u0107 usuni\u0119cia przez nas&nbsp;ca\u0142o\u015bci twoich danych osobistych w&nbsp;naszym posiadaniu. Nie&nbsp;dotyczy to&nbsp;\u017cadnych danych kt\u00f3re jeste\u015bmy zobligowani zachowa\u0107 ze&nbsp;wzgl\u0119d\u00f3w administracyjnych, prawnych albo bezpiecze\u0144stwa.<\/p>\n\n\n<h2 class=\"wp-block-heading\">Gdzie wys\u0142amy twoje dane<\/h2>\n\n\n<p><strong class=\"privacy-policy-tutorial\">Sugerowany tekst: <\/strong>Komentarze go\u015bci mog\u0105 by\u0107&nbsp;sprawdzane za&nbsp;pomoc\u0105 automatycznej us\u0142ugi wykrywania spamu.<\/p>\n\n ","protected":false},"excerpt":{"rendered":"<p>Kim jeste\u015bmy Sugerowany tekst: Adres naszej strony internetowej to: http:\/\/mono.test. Komentarze Sugerowany tekst: Kiedy odwiedzaj\u0105cy witryn\u0119 zostawia komentarz, zbieramy dane widoczne w&nbsp;formularzu komentowania, jak&nbsp;i&nbsp;adres IP odwiedzaj\u0105cego oraz&nbsp;podpis jego przegl\u0105darki jako pomoc przy wykrywaniu spamu. Anonimizowany ci\u0105g znak\u00f3w utworzony z&nbsp;twojego adresu e-mail (zwany te\u017c hashem) mo\u017ce zosta\u0107 przes\u0142any do&nbsp;us\u0142ugi Gravatar w&nbsp;celu sprawdzenia czy&nbsp;jest u\u017cywany. Polityka prywatno\u015bci &hellip; <a href=\"https:\/\/monosuisse.com\/de\/privacy-policy-2\/\">Continued<\/a><\/p>\n","protected":false},"author":4,"featured_media":0,"parent":0,"menu_order":0,"comment_status":"closed","ping_status":"open","template":"","meta":{"_acf_changed":false,"footnotes":""},"class_list":["post-31","page","type-page","status-publish","hentry"],"acf":[],"yoast_head":"<!-- This site is optimized with the Yoast SEO plugin v27.4 - https:\/\/yoast.com\/product\/yoast-seo-wordpress\/ -->\n<title>Datenschutz - Monosuisse<\/title>\n<meta name=\"robots\" content=\"index, follow, max-snippet:-1, max-image-preview:large, max-video-preview:-1\" \/>\n<link rel=\"canonical\" href=\"https:\/\/monosuisse.com\/de\/privacy-policy-2\/\" \/>\n<meta property=\"og:locale\" content=\"de_DE\" \/>\n<meta property=\"og:type\" content=\"article\" \/>\n<meta property=\"og:title\" content=\"Datenschutz - Monosuisse\" \/>\n<meta property=\"og:description\" content=\"Kim jeste\u015bmy Sugerowany tekst: Adres naszej strony internetowej to: http:\/\/mono.test. Komentarze Sugerowany tekst: Kiedy odwiedzaj\u0105cy witryn\u0119 zostawia komentarz, zbieramy dane widoczne w&nbsp;formularzu komentowania, jak&nbsp;i&nbsp;adres IP odwiedzaj\u0105cego oraz&nbsp;podpis jego przegl\u0105darki jako pomoc przy wykrywaniu spamu. Anonimizowany ci\u0105g znak\u00f3w utworzony z&nbsp;twojego adresu e-mail (zwany te\u017c hashem) mo\u017ce zosta\u0107 przes\u0142any do&nbsp;us\u0142ugi Gravatar w&nbsp;celu sprawdzenia czy&nbsp;jest u\u017cywany. Polityka prywatno\u015bci &hellip; Continued\" \/>\n<meta property=\"og:url\" content=\"https:\/\/monosuisse.com\/de\/privacy-policy-2\/\" \/>\n<meta property=\"og:site_name\" content=\"Monosuisse\" \/>\n<meta property=\"article:modified_time\" content=\"2025-08-04T10:05:05+00:00\" \/>\n<meta name=\"twitter:card\" content=\"summary_large_image\" \/>\n<meta name=\"twitter:label1\" content=\"Gesch\u00e4tzte Lesezeit\" \/>\n\t<meta name=\"twitter:data1\" content=\"3\u00a0Minuten\" \/>\n<script type=\"application\/ld+json\" class=\"yoast-schema-graph\">{\"@context\":\"https:\\\/\\\/schema.org\",\"@graph\":[{\"@type\":\"WebPage\",\"@id\":\"https:\\\/\\\/monosuisse.com\\\/de\\\/privacy-policy-2\\\/\",\"url\":\"https:\\\/\\\/monosuisse.com\\\/de\\\/privacy-policy-2\\\/\",\"name\":\"Datenschutz - Monosuisse\",\"isPartOf\":{\"@id\":\"https:\\\/\\\/monosuisse.com\\\/de\\\/#website\"},\"datePublished\":\"2025-04-11T09:35:14+00:00\",\"dateModified\":\"2025-08-04T10:05:05+00:00\",\"breadcrumb\":{\"@id\":\"https:\\\/\\\/monosuisse.com\\\/de\\\/privacy-policy-2\\\/#breadcrumb\"},\"inLanguage\":\"de\",\"potentialAction\":[{\"@type\":\"ReadAction\",\"target\":[\"https:\\\/\\\/monosuisse.com\\\/de\\\/privacy-policy-2\\\/\"]}]},{\"@type\":\"BreadcrumbList\",\"@id\":\"https:\\\/\\\/monosuisse.com\\\/de\\\/privacy-policy-2\\\/#breadcrumb\",\"itemListElement\":[{\"@type\":\"ListItem\",\"position\":1,\"name\":\"Home\",\"item\":\"https:\\\/\\\/monosuisse.com\\\/de\\\/\"},{\"@type\":\"ListItem\",\"position\":2,\"name\":\"Privacy Policy\"}]},{\"@type\":\"WebSite\",\"@id\":\"https:\\\/\\\/monosuisse.com\\\/de\\\/#website\",\"url\":\"https:\\\/\\\/monosuisse.com\\\/de\\\/\",\"name\":\"Monosuisse\",\"description\":\"\",\"potentialAction\":[{\"@type\":\"SearchAction\",\"target\":{\"@type\":\"EntryPoint\",\"urlTemplate\":\"https:\\\/\\\/monosuisse.com\\\/de\\\/?s={search_term_string}\"},\"query-input\":{\"@type\":\"PropertyValueSpecification\",\"valueRequired\":true,\"valueName\":\"search_term_string\"}}],\"inLanguage\":\"de\"}]}<\/script>\n<!-- \/ Yoast SEO plugin. -->","yoast_head_json":{"title":"Datenschutz - Monosuisse","robots":{"index":"index","follow":"follow","max-snippet":"max-snippet:-1","max-image-preview":"max-image-preview:large","max-video-preview":"max-video-preview:-1"},"canonical":"https:\/\/monosuisse.com\/de\/privacy-policy-2\/","og_locale":"de_DE","og_type":"article","og_title":"Datenschutz - Monosuisse","og_description":"Kim jeste\u015bmy Sugerowany tekst: Adres naszej strony internetowej to: http:\/\/mono.test. Komentarze Sugerowany tekst: Kiedy odwiedzaj\u0105cy witryn\u0119 zostawia komentarz, zbieramy dane widoczne w&nbsp;formularzu komentowania, jak&nbsp;i&nbsp;adres IP odwiedzaj\u0105cego oraz&nbsp;podpis jego przegl\u0105darki jako pomoc przy wykrywaniu spamu. Anonimizowany ci\u0105g znak\u00f3w utworzony z&nbsp;twojego adresu e-mail (zwany te\u017c hashem) mo\u017ce zosta\u0107 przes\u0142any do&nbsp;us\u0142ugi Gravatar w&nbsp;celu sprawdzenia czy&nbsp;jest u\u017cywany. Polityka prywatno\u015bci &hellip; Continued","og_url":"https:\/\/monosuisse.com\/de\/privacy-policy-2\/","og_site_name":"Monosuisse","article_modified_time":"2025-08-04T10:05:05+00:00","twitter_card":"summary_large_image","twitter_misc":{"Gesch\u00e4tzte Lesezeit":"3\u00a0Minuten"},"schema":{"@context":"https:\/\/schema.org","@graph":[{"@type":"WebPage","@id":"https:\/\/monosuisse.com\/de\/privacy-policy-2\/","url":"https:\/\/monosuisse.com\/de\/privacy-policy-2\/","name":"Datenschutz - Monosuisse","isPartOf":{"@id":"https:\/\/monosuisse.com\/de\/#website"},"datePublished":"2025-04-11T09:35:14+00:00","dateModified":"2025-08-04T10:05:05+00:00","breadcrumb":{"@id":"https:\/\/monosuisse.com\/de\/privacy-policy-2\/#breadcrumb"},"inLanguage":"de","potentialAction":[{"@type":"ReadAction","target":["https:\/\/monosuisse.com\/de\/privacy-policy-2\/"]}]},{"@type":"BreadcrumbList","@id":"https:\/\/monosuisse.com\/de\/privacy-policy-2\/#breadcrumb","itemListElement":[{"@type":"ListItem","position":1,"name":"Home","item":"https:\/\/monosuisse.com\/de\/"},{"@type":"ListItem","position":2,"name":"Privacy Policy"}]},{"@type":"WebSite","@id":"https:\/\/monosuisse.com\/de\/#website","url":"https:\/\/monosuisse.com\/de\/","name":"Monosuisse","description":"","potentialAction":[{"@type":"SearchAction","target":{"@type":"EntryPoint","urlTemplate":"https:\/\/monosuisse.com\/de\/?s={search_term_string}"},"query-input":{"@type":"PropertyValueSpecification","valueRequired":true,"valueName":"search_term_string"}}],"inLanguage":"de"}]}},"_links":{"self":[{"href":"https:\/\/monosuisse.com\/de\/wp-json\/wp\/v2\/pages\/31","targetHints":{"allow":["GET"]}}],"collection":[{"href":"https:\/\/monosuisse.com\/de\/wp-json\/wp\/v2\/pages"}],"about":[{"href":"https:\/\/monosuisse.com\/de\/wp-json\/wp\/v2\/types\/page"}],"author":[{"embeddable":true,"href":"https:\/\/monosuisse.com\/de\/wp-json\/wp\/v2\/users\/4"}],"replies":[{"embeddable":true,"href":"https:\/\/monosuisse.com\/de\/wp-json\/wp\/v2\/comments?post=31"}],"version-history":[{"count":17,"href":"https:\/\/monosuisse.com\/de\/wp-json\/wp\/v2\/pages\/31\/revisions"}],"predecessor-version":[{"id":2078,"href":"https:\/\/monosuisse.com\/de\/wp-json\/wp\/v2\/pages\/31\/revisions\/2078"}],"wp:attachment":[{"href":"https:\/\/monosuisse.com\/de\/wp-json\/wp\/v2\/media?parent=31"}],"curies":[{"name":"wp","href":"https:\/\/api.w.org\/{rel}","templated":true}]}}